{"id":130,"date":"2019-11-12T20:05:48","date_gmt":"2019-11-12T20:05:48","guid":{"rendered":"https:\/\/weltladen-labohnita.de\/?page_id=130"},"modified":"2020-01-27T15:42:15","modified_gmt":"2020-01-27T15:42:15","slug":"unser-engagement","status":"publish","type":"page","link":"https:\/\/weltladen-labohnita.de\/index.php\/unser-engagement\/","title":{"rendered":"Unser Engagement"},"content":{"rendered":"\n<p>Unser Engagement erstreckt sich \u00fcber wiederkehrende Veranstaltungen sowie au\u00dfergew\u00f6hnliche Highlight-Veranstaltungen. <\/p>\n\n\n\n<p>Zu den wiederkehrdenden Veranstaltungen z\u00e4hlen die folgenden: <\/p>\n\n\n\n<ul class=\"wp-block-list\"><li>Internationales Fest der Begegnung<\/li><li>Kaffeegarten w\u00e4hrend Libori<\/li><li>Faires Fr\u00fchst\u00fcck<\/li><li>Weinproben <\/li><li>Fairkostung<\/li><li>Faire Wochen <\/li><\/ul>\n\n\n\n<p>Zu den Highlights der vergangenen Jahre z\u00e4hlten das 5-j\u00e4hrige Jubil\u00e4um des Weltladens La Bohnita sowie die Wein- und Schokoladenverkostung im Paderborner Deelenhaus. <\/p>\n\n\n\n<p>Dar\u00fcber hinaus unterst\u00fctzt das Team des Weltladens La Bohnita dauerhaft internationale <a href=\"https:\/\/weltladen-labohnita.de\/index.php\/projekte\/\">Projekte<\/a>, engagiert sich im Rahmen der Kampagne <a href=\"https:\/\/www.paderborn.de\/rathaus-service\/stadtportrait\/fair_trade\/Fair-Trade-Stadt.php\">Fairtrade Town Paderborn<\/a> und leistet dauerhaft Bildungsarbeit f\u00fcr Schulklassen und andere Zielgruppen.  Sprechen Sie uns gern f\u00fcr weitere Informationen an.<\/p>\n","protected":false},"excerpt":{"rendered":"<p>Unser Engagement erstreckt sich \u00fcber wiederkehrende Veranstaltungen sowie au\u00dfergew\u00f6hnliche Highlight-Veranstaltungen. Zu den wiederkehrdenden Veranstaltungen z\u00e4hlen die folgenden: Internationales Fest der Begegnung Kaffeegarten w\u00e4hrend Libori Faires Fr\u00fchst\u00fcck Weinproben Fairkostung Faire Wochen Zu den Highlights der vergangenen Jahre z\u00e4hlten das 5-j\u00e4hrige Jubil\u00e4um des Weltladens La Bohnita sowie die Wein- und Schokoladenverkostung im Paderborner Deelenhaus. Dar\u00fcber hinaus unterst\u00fctzt &hellip; <a href=\"https:\/\/weltladen-labohnita.de\/index.php\/unser-engagement\/\" class=\"more-link\"><span class=\"screen-reader-text\">\u201eUnser Engagement\u201c <\/span>weiterlesen<\/a><\/p>\n","protected":false},"author":1,"featured_media":0,"parent":0,"menu_order":0,"comment_status":"closed","ping_status":"closed","template":"","meta":{"footnotes":""},"class_list":["post-130","page","type-page","status-publish","hentry"],"_links":{"self":[{"href":"https:\/\/weltladen-labohnita.de\/index.php\/wp-json\/wp\/v2\/pages\/130","targetHints":{"allow":["GET"]}}],"collection":[{"href":"https:\/\/weltladen-labohnita.de\/index.php\/wp-json\/wp\/v2\/pages"}],"about":[{"href":"https:\/\/weltladen-labohnita.de\/index.php\/wp-json\/wp\/v2\/types\/page"}],"author":[{"embeddable":true,"href":"https:\/\/weltladen-labohnita.de\/index.php\/wp-json\/wp\/v2\/users\/1"}],"replies":[{"embeddable":true,"href":"https:\/\/weltladen-labohnita.de\/index.php\/wp-json\/wp\/v2\/comments?post=130"}],"version-history":[{"count":4,"href":"https:\/\/weltladen-labohnita.de\/index.php\/wp-json\/wp\/v2\/pages\/130\/revisions"}],"predecessor-version":[{"id":415,"href":"https:\/\/weltladen-labohnita.de\/index.php\/wp-json\/wp\/v2\/pages\/130\/revisions\/415"}],"wp:attachment":[{"href":"https:\/\/weltladen-labohnita.de\/index.php\/wp-json\/wp\/v2\/media?parent=130"}],"curies":[{"name":"wp","href":"https:\/\/api.w.org\/{rel}","templated":true}]}}