{"id":145,"date":"2019-11-12T20:05:26","date_gmt":"2019-11-12T20:05:26","guid":{"rendered":"https:\/\/weltladen-labohnita.de\/?page_id=145"},"modified":"2020-01-27T15:41:40","modified_gmt":"2020-01-27T15:41:40","slug":"projekte","status":"publish","type":"page","link":"https:\/\/weltladen-labohnita.de\/index.php\/projekte\/","title":{"rendered":"Projekte"},"content":{"rendered":"\n<h2 class=\"wp-block-heading\">Wo Geld Fr\u00fcchte tr\u00e4gt\u2026..<\/h2>\n\n\n\n<p>Mit den \u00dcbersch\u00fcssen aus dem Verkauf fair gehandelter Waren unterst\u00fctzen wir seit Jahren unterschiedliche Projekte.<\/p>\n\n\n\n<h3 class=\"wp-block-heading\">Brasilien: Fundacao Terra in Arcoverde-PE<\/h3>\n\n\n\n<p>Zusammen mit dem \u201eEine Welt Kreis Maria zur H\u00f6he\u201c in Paderborn haben wir die \u201ePatenschaft ANAWIM\u201c gegr\u00fcndet, um kontinuierlich die&nbsp;<a href=\"http:\/\/www.fundacaoterra.org.br\">Fundacao Terra<\/a><a href=\"http:\/\/www.fundacaoterra.org.br\/deutsche\" target=\"_blank\" rel=\"noreferrer noopener\" aria-label=\" (\u00f6ffnet in neuem Tab)\">&nbsp;<\/a>in Arcoverde Brasilien zu unterst\u00fctzen.<\/p>\n\n\n\n<p><em>In der Stadt Arcoverde im Nordosten Brasiliens k\u00e4mpft&nbsp;<strong>Pater<\/strong>&nbsp;<strong>Airton Freire de Lima<\/strong>&nbsp;am Stadtrand in der \u201e<strong>M\u00fcllstra\u00dfe<\/strong>\u201c zusammen mit den Armen, deren Lebensgrundlage das Aussortieren von M\u00fcll und das \u201eSteineklopfen\u201c ist, gegen Hunger und Not.<\/em><\/p>\n\n\n\n<p><em>1995 konnte dort ein Altersheim mit 12 Pl\u00e4tzen eingerichtet werden, in dem die \u00c4lteren ihren Lebensabend ohne den t\u00e4glichen Kampf um das \u00dcberleben verbringen k\u00f6nnen.<\/em><\/p>\n\n\n\n<p><em>Eine wichtige Bedeutung im Projekt hat auch der Kindergarten, der im wesentlichen 2 Aufgaben erf\u00fcllt: Die Kinder erhalten regelm\u00e4\u00dfig eine f\u00fcr die Entwicklung wichtige Mahlzeit und die \u00fcberwiegend alleinerziehenden M\u00fctter k\u00f6nnen in der Zeit, in der die Kinder versorgt sind, ihren Lebensunterhalt durch Arbeit und Ausbildung sichern.<\/em><\/p>\n\n\n\n<p><em>Doch das Geld zur Unterhaltung dieser Einrichtungen ist knapp.<\/em><\/p>\n\n\n\n<p><em>Deshalb bat uns Pater Airton bei seinem ersten Besuch 1994 ihn m\u00f6glichst regelm\u00e4\u00dfig mit Spenden zu unterst\u00fctzen, damit die monatlich anfallenden Kosten f\u00fcr Ern\u00e4hrung, medizinische Versorgung und Lehrpersonal langfristig gedeckt werden k\u00f6nnen.<\/em><\/p>\n\n\n\n<p><em>Aus diesem Grund haben wir die Aktion \u201e<strong>Patenschaft ANAWIM<\/strong>\u201c gegr\u00fcndet. Schon mit einem \u20ac pro Tag (= 30 \u20ac im Monat) k\u00f6nnen Sie einen Kindergarten- oder Altenheimplatz sichern.<\/em><\/p>\n\n\n\n<p><em>Sie k\u00f6nnen uns unterst\u00fctzen, indem Sie einen uns einen monatlichen Betrag Ihrer Wahl auf das Konto des <strong>\u00a0Kaffeebohne e.V.<\/strong>\u00a0<strong>IBAN <\/strong><\/em> DE98 4726 0307 0015 5205 01  <span><a href=\"javascript:\"><img decoding=\"async\" title=\"Titel anhand dieser ISBN in Citavi-Projekt \u00fcbernehmen\" class=\"citavipicker0015520501\" src=\"data:image\/png;base64,iVBORw0KGgoAAAANSUhEUgAAABAAAAAQCAYAAAAf8\/9hAAAAGXRFWHRTb2Z0d2FyZQBBZG9iZSBJbWFnZVJlYWR5ccllPAAAAUlJREFUeNpiZEADV7XlEoBUPBA7oEkdAOKF2lcfLUAWZETSqACk1gOxgUBACAOvkzsDMy8fWO7v508Mn\/ftZPiwYQ2IewGIA4EGPUC2VQGI398N9vj\/\/frV\/7gASA6kBqQWaiHcgPMgiT+fPsIVv1009\/+DhLD\/zzsa\/v96+hguDlIDNeQ83M9AjGIzSDNIDIZvWOigGA5SC5VLYAIFGMjPHBpacBeB\/IwMQPyPEP+DAUgtSA9IL8gAB1CAIQNeJzd4AMLAj5tX0dSA9TiADMBQDLJB\/fhlBq0rDxmEYpPAYqxSsihqYHqYGAgAZl5+iAHSMljlmbD5GRl82LgabBvIW+jhAjPgACiRYAPPaooZfj99wiDV2ovhTaieA1ijEZZgQNH3fsNqrAkKFo1YE9KnvTv\/P60uQklAOBMSpUmZ4szESGl2BggwAJR\/ZVgK6XqqAAAAAElFTkSuQmCC\" style=\"border: 0px none; width: 16px; height: 16px !important; margin-left: 1px !important; margin-right: 1px !important; vertical-align: bottom !important;\"><\/a><\/span><em><strong>\u00a0<\/strong>\u00fcberweisen<strong>.<\/strong><\/em><\/p>\n\n\n\n<p><em><strong>Alle zwei Jahre besucht uns Pater Airton oder sein Bruder, Wellington, der heutige Leiter des Projektes. Zuletzt war er im Juni 2016 in Paderborn. <\/strong><\/em><\/p>\n\n\n\n<p><em><strong>Weitere Informationen: <a href=\"http:\/\/www.fundacaoterra.org.br\" target=\"_blank\" rel=\"noreferrer noopener\" aria-label=\"www.fundacaoterra.org.br (\u00f6ffnet in neuem Tab)\">www.fundacaoterra.org.br<\/a><a href=\"http:\/\/www.fundacaoterra.org.br\"><\/a><\/strong><\/em><\/p>\n\n\n\n<p><em><strong>Hier die letzten Information aus dem Projekt\u00a0\u00a0zu Weihnachten 2019:<\/strong><\/em>\u00a0<a href=\"http:\/\/www.kaffeebohne-paderborn.de\/wp-content\/uploads\/2019\/12\/Weihnachtsbrief-2019.pdf\">Weihnachtsbrief_2019<\/a><\/p>\n\n\n\n<p><em><strong><em><strong>Hier finden Sie weitere Informationen aus dem Projekt:\u00a0Aktivit\u00e4ten der <a href=\"https:\/\/www.facebook.com\/FundacaoTerra\/\">Funda\u00e7\u00e3o Terra\u00a0<\/a><\/strong><\/em><\/strong><\/em><\/p>\n\n\n\n<h3 class=\"wp-block-heading\">Peru:&nbsp;<strong>Prelatura de Caravel\u00ed \u2013 Hilfe f\u00fcr die \u00c4rmsten<\/strong><\/h3>\n\n\n\n<p>Die \u201ePrelatura de Caravel\u00ed\u201c erstreckt sich \u2013 s\u00fcdlich von Lima \u2013 \u00fcber ca. 300000 km<sup>2<\/sup>&nbsp;von der K\u00fcste bis hinauf in die Anden, vom Meeresspiegel bis in ca. 5500 m H\u00f6he. Dieses ist die \u00e4rmste Region Perus; die meisten Familien k\u00f6nnen weder f\u00fcr ausreichende Bildung noch Gesundheitsf\u00fcrsorge und Ern\u00e4hrung ihrer Kinder sorgen; viele Kinder leiden an Unterern\u00e4hrung und k\u00f6nnen wegen zu hoher Kosten keine Schule besuchen. In vielen Orten der Pr\u00e4latur Caravel\u00ed gibt es weder flie\u00dfendes Wasser, noch eine Kanalisation oder Strom; es fehlen Krankenh\u00e4user, Gesundheitsstationen, Schulen und Gesch\u00e4fte zur Deckung der elementaren Lebensbed\u00fcrfnisse.<\/p>\n\n\n\n<p>U.a. durch unseren Weltladen-Mitarbeiter Edgar Rodriguez, der aus Peru stammt und heute in Paderborn lebt, stehen wir in direktem Kontakt mit dem dortigen Bischof Juan Carlos Vera Plasencia. Gemeinsam mit seinen Mitarbeiterinnen und Mitarbeitern k\u00fcmmert er sich insbesondere um die Kinder und Jugendlichen aus diesen \u00e4rmsten Regionen des Landes.<\/p>\n\n\n\n<p>Bischof Juan Carlos Vera Plasencia bei seinem Besuch in unserem Weltladen in Paderborn im Mai 2014<\/p>\n\n\n\n<p><strong>Diese Projekte unterst\u00fctzt der Kaffeebohne e.V. 2016 vor Ort:<\/strong><\/p>\n\n\n\n<p>*Schulbildung:&nbsp;In den Anden lebende Kinder aus den \u00e4rmsten Familien sollen mit festen Schuhen, warmer Kleidung und Schulmaterialien ausgestattet werden. Au\u00dferdem sollen Schulk\u00fcchen gef\u00f6rdert werden, damit die Kinder dort wenigstens einmal t\u00e4glich eine warme Mahlzeit bekommen. Ohne diese Hilfen w\u00e4re f\u00fcr die meisten dieser Kinder ein Schulbesuch nicht m\u00f6glich, weil die Schulwege h\u00e4ufig weit sind, durch unwegsames Gel\u00e4nde verlaufen und die Familien sich die Ausstattung und Versorgung der Kinder nicht leisten k\u00f6nnten.<\/p>\n\n\n\n<p>*Ern\u00e4hrung: In einem Bildungshaus der Pr\u00e4latur Caravel\u00ed, das am Meer liegt, sollen ca. 250 Kinder zwischen 8 und 12 Jahren f\u00fcr 2 \u00bd Monate ihre Ferien verbringen. Die Kinder stammen aus den \u00e4rmsten Familien der Andenregion, sind \u00fcberwiegend unterern\u00e4hrt und krank bzw. schwach. In diesem Ferienaufenthalt erhalten sie eine gesunde Ern\u00e4hrung und werden medizinisch versorgt. Au\u00dferdem erhalten sie eine Grundausstattung mit Schulmaterialien, mit denen sie dann in ihre Heimatorte zur\u00fcckkehren.<\/p>\n\n\n\n<p><em><strong><em><strong>Ein weiteres Projekt, das in der Vergangenheit unterst\u00fctzt wurde, ist der Verein \u201eStern der Hoffnung \u2013 Aids-Hilfe International\u201c von Lisette Eicher:<\/strong><\/em><\/strong><\/em><\/p>\n\n\n\n<p><em><strong><em><strong><a href=\"http:\/\/www.sternderhoffnung.de\/news.php\">Stern der Hoffnung \u2013 Aids-Hilfe International e.V.\ufeff<\/a><\/strong><\/em><\/strong><\/em><\/p>\n\n\n\n<div class=\"wp-block-image\"><figure class=\"alignleft\"><a href=\"http:\/\/www.kaffeebohne-paderborn.de\/wp-content\/uploads\/2009\/10\/Peru-1.jpg\"><img decoding=\"async\" src=\"http:\/\/www.kaffeebohne-paderborn.de\/wp-content\/uploads\/2009\/10\/Peru-1-300x199.jpg\" alt=\"Peru 1\" class=\"wp-image-2167\"\/><\/a><\/figure><\/div>\n","protected":false},"excerpt":{"rendered":"<p>Wo Geld Fr\u00fcchte tr\u00e4gt\u2026.. Mit den \u00dcbersch\u00fcssen aus dem Verkauf fair gehandelter Waren unterst\u00fctzen wir seit Jahren unterschiedliche Projekte. Brasilien: Fundacao Terra in Arcoverde-PE Zusammen mit dem \u201eEine Welt Kreis Maria zur H\u00f6he\u201c in Paderborn haben wir die \u201ePatenschaft ANAWIM\u201c gegr\u00fcndet, um kontinuierlich die&nbsp;Fundacao Terra&nbsp;in Arcoverde Brasilien zu unterst\u00fctzen. In der Stadt Arcoverde im Nordosten &hellip; <a href=\"https:\/\/weltladen-labohnita.de\/index.php\/projekte\/\" class=\"more-link\"><span class=\"screen-reader-text\">\u201eProjekte\u201c <\/span>weiterlesen<\/a><\/p>\n","protected":false},"author":1,"featured_media":0,"parent":0,"menu_order":0,"comment_status":"closed","ping_status":"closed","template":"","meta":{"footnotes":""},"class_list":["post-145","page","type-page","status-publish","hentry"],"_links":{"self":[{"href":"https:\/\/weltladen-labohnita.de\/index.php\/wp-json\/wp\/v2\/pages\/145","targetHints":{"allow":["GET"]}}],"collection":[{"href":"https:\/\/weltladen-labohnita.de\/index.php\/wp-json\/wp\/v2\/pages"}],"about":[{"href":"https:\/\/weltladen-labohnita.de\/index.php\/wp-json\/wp\/v2\/types\/page"}],"author":[{"embeddable":true,"href":"https:\/\/weltladen-labohnita.de\/index.php\/wp-json\/wp\/v2\/users\/1"}],"replies":[{"embeddable":true,"href":"https:\/\/weltladen-labohnita.de\/index.php\/wp-json\/wp\/v2\/comments?post=145"}],"version-history":[{"count":10,"href":"https:\/\/weltladen-labohnita.de\/index.php\/wp-json\/wp\/v2\/pages\/145\/revisions"}],"predecessor-version":[{"id":414,"href":"https:\/\/weltladen-labohnita.de\/index.php\/wp-json\/wp\/v2\/pages\/145\/revisions\/414"}],"wp:attachment":[{"href":"https:\/\/weltladen-labohnita.de\/index.php\/wp-json\/wp\/v2\/media?parent=145"}],"curies":[{"name":"wp","href":"https:\/\/api.w.org\/{rel}","templated":true}]}}