{"id":1480,"date":"2025-02-06T21:40:21","date_gmt":"2025-02-06T20:40:21","guid":{"rendered":"https:\/\/weltladen-labohnita.de\/?page_id=1480"},"modified":"2025-02-06T21:40:21","modified_gmt":"2025-02-06T20:40:21","slug":"nachruf-mechthild-goldstein","status":"publish","type":"page","link":"https:\/\/weltladen-labohnita.de\/index.php\/nachruf-mechthild-goldstein\/","title":{"rendered":"Nachruf Mechthild Goldstein"},"content":{"rendered":"\n<p>*14.03.1964 \u2020 23.01.2025<\/p>\n\n\n\n<figure class=\"wp-block-image size-full\"><img loading=\"lazy\" decoding=\"async\" width=\"717\" height=\"715\" src=\"https:\/\/weltladen-labohnita.de\/wp-content\/uploads\/Mechthild.png\" alt=\"\" class=\"wp-image-1483\" srcset=\"https:\/\/weltladen-labohnita.de\/wp-content\/uploads\/Mechthild.png 717w, https:\/\/weltladen-labohnita.de\/wp-content\/uploads\/Mechthild-300x300.png 300w, https:\/\/weltladen-labohnita.de\/wp-content\/uploads\/Mechthild-150x150.png 150w\" sizes=\"auto, (max-width: 717px) 85vw, 717px\" \/><\/figure>\n\n\n\n<p>Der Verein Kaffeebohne und der Weltladen La Bohnita trauern um eine ihrer engagiertesten Wegbegleiterinnen.<\/p>\n\n\n\n<p>Mit ihrem leidenschaftlichen und konsequenten Einsatz f\u00fcr den fairen Handel, Frieden und Gerechtigkeit hat Mechthild \u00fcber 20 Jahre die Arbeit des Vereins bereichert und als 1. Vorsitzende richtungsweisend gepr\u00e4gt. Dazu geh\u00f6rt auch die Gr\u00fcndung und sp\u00e4ter die Vergr\u00f6\u00dferung des Weltladens La Bohnita, welche sie mit Herzblut vorangetrieben hat.<br>Wir sind tieftraurig und v\u00f6llig fassungslos \u00fcber ihren viel zu fr\u00fchen Tod. <\/p>\n\n\n\n<p>Wir haben nicht nur eine unerm\u00fcdliche Mitstreiterin f\u00fcr eine bessere<br>Welt, sondern auch eine warmherzige und lebensfrohe Freundin<br>verloren. Sie hinterl\u00e4sst eine riesige L\u00fccke.<\/p>\n\n\n\n<p>F\u00fcr Verein und Ladenteam, Petra Holtgreve und Markus Kock<\/p>\n","protected":false},"excerpt":{"rendered":"<p>*14.03.1964 \u2020 23.01.2025 Der Verein Kaffeebohne und der Weltladen La Bohnita trauern um eine ihrer engagiertesten Wegbegleiterinnen. Mit ihrem leidenschaftlichen und konsequenten Einsatz f\u00fcr den fairen Handel, Frieden und Gerechtigkeit hat Mechthild \u00fcber 20 Jahre die Arbeit des Vereins bereichert und als 1. Vorsitzende richtungsweisend gepr\u00e4gt. Dazu geh\u00f6rt auch die Gr\u00fcndung und sp\u00e4ter die Vergr\u00f6\u00dferung &hellip; <a href=\"https:\/\/weltladen-labohnita.de\/index.php\/nachruf-mechthild-goldstein\/\" class=\"more-link\"><span class=\"screen-reader-text\">\u201eNachruf Mechthild Goldstein\u201c <\/span>weiterlesen<\/a><\/p>\n","protected":false},"author":1,"featured_media":0,"parent":0,"menu_order":0,"comment_status":"closed","ping_status":"closed","template":"","meta":{"footnotes":""},"class_list":["post-1480","page","type-page","status-publish","hentry"],"_links":{"self":[{"href":"https:\/\/weltladen-labohnita.de\/index.php\/wp-json\/wp\/v2\/pages\/1480","targetHints":{"allow":["GET"]}}],"collection":[{"href":"https:\/\/weltladen-labohnita.de\/index.php\/wp-json\/wp\/v2\/pages"}],"about":[{"href":"https:\/\/weltladen-labohnita.de\/index.php\/wp-json\/wp\/v2\/types\/page"}],"author":[{"embeddable":true,"href":"https:\/\/weltladen-labohnita.de\/index.php\/wp-json\/wp\/v2\/users\/1"}],"replies":[{"embeddable":true,"href":"https:\/\/weltladen-labohnita.de\/index.php\/wp-json\/wp\/v2\/comments?post=1480"}],"version-history":[{"count":2,"href":"https:\/\/weltladen-labohnita.de\/index.php\/wp-json\/wp\/v2\/pages\/1480\/revisions"}],"predecessor-version":[{"id":1484,"href":"https:\/\/weltladen-labohnita.de\/index.php\/wp-json\/wp\/v2\/pages\/1480\/revisions\/1484"}],"wp:attachment":[{"href":"https:\/\/weltladen-labohnita.de\/index.php\/wp-json\/wp\/v2\/media?parent=1480"}],"curies":[{"name":"wp","href":"https:\/\/api.w.org\/{rel}","templated":true}]}}