{"id":15,"date":"2019-04-04T17:04:25","date_gmt":"2019-04-04T17:04:25","guid":{"rendered":"https:\/\/kajoh.de\/bohnita\/?page_id=15"},"modified":"2021-02-12T09:24:41","modified_gmt":"2021-02-12T09:24:41","slug":"ueber-mich","status":"publish","type":"page","link":"https:\/\/weltladen-labohnita.de\/index.php\/ueber-mich\/","title":{"rendered":"Weltladen"},"content":{"rendered":"<h2>100% Fairer Handel an den Quellen der Pader<\/h2>\n\n\n<p class=\"has-dark-gray-color has-text-color\">Der gemeinn\u00fctzige Verein Kaffeebohne widmet sich seit \u00fcber 20 Jahren der F\u00f6rderung des <a href=\"https:\/\/weltladen-labohnita.de\/index.php\/fairer-handel\/\">Fairen Handels<\/a> und der Bildungsarbeit zu entwicklungspolitischen Themen. In diesem Sinne wurde 2010 der Weltladen La Bohnita er\u00f6ffnet und steht f\u00fcr: <\/p>\n\n\n\n<ul class=\"wp-block-list\"><li>Produkte, die den h\u00f6chsten Fairtrade-Kriterien gen\u00fcgen (z.B. gepa fair plus, NaturlandFair, WFTO)<\/li><li>Lieferanten, die ausschlie\u00dflich fairen Handel betreiben (z.B. gepa, El Puente, weltpartner)<\/li><li>eine breite Auswahl an Kaffee (z.B. die PaderBohne), Schokolade und vielen weiteren Lebensmitteln<\/li><li>ein vielf\u00e4ltiges und regelm\u00e4\u00dfig wachsendes Angebot an Kunsthandwerk, Accessoires und Geschenkartikeln<\/li><li>eine Kaffeetheke mit vielen leckeren Hei\u00dfgetr\u00e4nken in Fair- und Bioqualit\u00e4t<\/li><\/ul>\n\n\n\n<div class=\"wp-block-columns has-2-columns is-layout-flex wp-container-core-columns-is-layout-9d6595d7 wp-block-columns-is-layout-flex\">\n<div class=\"wp-block-column is-layout-flow wp-block-column-is-layout-flow\">\n<p class=\"has-medium-gray-color has-text-color\"><a href=\"https:\/\/weltladen-labohnita.de\/index.php\/angebot\/\">Mehr zu unserem Angebot<\/a><\/p>\n\n\n\n<p class=\"has-medium-gray-color has-text-color\"><a href=\"https:\/\/weltladen-labohnita.de\/index.php\/fairer-handel\/\">Fairer Handel<\/a><\/p>\n\n\n\n<p class=\"has-medium-gray-color has-text-color\"><a href=\"https:\/\/weltladen-labohnita.de\/index.php\/weltladenteam\/\">Team<\/a><\/p>\n<\/div>\n\n\n\n<div class=\"wp-block-column is-layout-flow wp-block-column-is-layout-flow\">\n<p class=\"has-medium-gray-color has-text-color\"><a href=\"https:\/\/weltladen-labohnita.de\/index.php\/fairstaerkung-gesucht\/\">Fairst\u00e4rkung gesucht<\/a><\/p>\n\n\n\n<p class=\"has-medium-gray-color has-text-color\"><a href=\"https:\/\/weltladen-labohnita.de\/index.php\/oeffnungszeiten\/\">\u00d6ffnungszeiten<\/a><\/p>\n\n\n\n<p class=\"has-medium-gray-color has-text-color\"><a href=\"https:\/\/weltladen-labohnita.de\/index.php\/impressionen\/\">Impressionen<\/a><\/p>\n<\/div>\n<\/div>\n","protected":false},"excerpt":{"rendered":"<p>100% Fairer Handel an den Quellen der Pader Der gemeinn\u00fctzige Verein Kaffeebohne widmet sich seit \u00fcber 20 Jahren der F\u00f6rderung des Fairen Handels und der Bildungsarbeit zu entwicklungspolitischen Themen. In diesem Sinne wurde 2010 der Weltladen La Bohnita er\u00f6ffnet und steht f\u00fcr: Produkte, die den h\u00f6chsten Fairtrade-Kriterien gen\u00fcgen (z.B. gepa fair plus, NaturlandFair, WFTO) Lieferanten, &hellip; <a href=\"https:\/\/weltladen-labohnita.de\/index.php\/ueber-mich\/\" class=\"more-link\"><span class=\"screen-reader-text\">\u201eWeltladen\u201c <\/span>weiterlesen<\/a><\/p>\n","protected":false},"author":1,"featured_media":0,"parent":0,"menu_order":0,"comment_status":"closed","ping_status":"closed","template":"","meta":{"footnotes":""},"class_list":["post-15","page","type-page","status-publish","hentry"],"_links":{"self":[{"href":"https:\/\/weltladen-labohnita.de\/index.php\/wp-json\/wp\/v2\/pages\/15","targetHints":{"allow":["GET"]}}],"collection":[{"href":"https:\/\/weltladen-labohnita.de\/index.php\/wp-json\/wp\/v2\/pages"}],"about":[{"href":"https:\/\/weltladen-labohnita.de\/index.php\/wp-json\/wp\/v2\/types\/page"}],"author":[{"embeddable":true,"href":"https:\/\/weltladen-labohnita.de\/index.php\/wp-json\/wp\/v2\/users\/1"}],"replies":[{"embeddable":true,"href":"https:\/\/weltladen-labohnita.de\/index.php\/wp-json\/wp\/v2\/comments?post=15"}],"version-history":[{"count":20,"href":"https:\/\/weltladen-labohnita.de\/index.php\/wp-json\/wp\/v2\/pages\/15\/revisions"}],"predecessor-version":[{"id":795,"href":"https:\/\/weltladen-labohnita.de\/index.php\/wp-json\/wp\/v2\/pages\/15\/revisions\/795"}],"wp:attachment":[{"href":"https:\/\/weltladen-labohnita.de\/index.php\/wp-json\/wp\/v2\/media?parent=15"}],"curies":[{"name":"wp","href":"https:\/\/api.w.org\/{rel}","templated":true}]}}