{"id":183,"date":"2019-11-12T20:21:14","date_gmt":"2019-11-12T20:21:14","guid":{"rendered":"https:\/\/weltladen-labohnita.de\/?page_id=183"},"modified":"2020-01-28T14:12:47","modified_gmt":"2020-01-28T14:12:47","slug":"kaffeebohne-e-v","status":"publish","type":"page","link":"https:\/\/weltladen-labohnita.de\/index.php\/kaffeebohne-e-v\/","title":{"rendered":"Kaffeebohne e.V."},"content":{"rendered":"\n<h1 class=\"wp-block-heading\"><strong>Wir lieben Kaffee\u2026<\/strong><\/h1>\n\n\n\n<ul class=\"wp-block-list\"><li>\u2026aber guter Kaffee sollte allen schmecken, den Kaffeebauern, der Umwelt und den Konsumenten bei uns.<\/li><li>Wir m\u00f6chten dazu beitragen, die Welt ein St\u00fcck gerechter zu machen! Damit \u2013 nicht nur guter Kaffee \u2013 allen schmeckt!<\/li><\/ul>\n\n\n\n<h2 class=\"wp-block-heading\"><strong>Wo der Kaffee w\u00e4chst\u2026<\/strong><\/h2>\n\n\n\n<ul class=\"wp-block-list\"><li>Bei uns erfahren sie alles \u00fcber den Fairen Handel, worum es geht, und wie er schmeckt.<\/li><li>Wir sind dran am Thema, mit A wie&nbsp;Ausstellungen&nbsp;bis Z wie Zeitungsberichten.<br>Wir blicken \u00fcber den Tellerrand und unterst\u00fctzen konkrete&nbsp;<a href=\"https:\/\/weltladen-labohnita.de\/index.php\/projekte\/\">Projekte<\/a>, zum Beispiel in Lateinamerika und Afrika.<\/li><li>Wir wollen Anwalt sein f\u00fcr Benachteiligte; Lobbyarbeit ist uns wichtig. Daher sind wir&nbsp;Mitglied, in verschiedenen entwicklungspolitischen Netzwerken und Dachorganisationen.<\/li><li>In unserem Weltladen \u201eLa Bohnita\u201c und gelegentlich auf Veranstaltungen, wie dem \u201eInternationalen Fest der Begegnung in Schlo\u00df Neuhaus\u201c oder dem Heidebl\u00fctenfest in H\u00f6velhof finden sie Produkte und Information rund um den&nbsp;<a href=\"https:\/\/weltladen-labohnita.de\/index.php\/fairer-handel\/\">fairen Handel<\/a>.<\/li><\/ul>\n\n\n\n<h2 class=\"wp-block-heading\"><strong>Bio Kaffee mit Lokalkolorit\u2026<\/strong><\/h2>\n\n\n\n<ul class=\"wp-block-list\"><li>Mit der \u201e<a rel=\"noreferrer noopener\" href=\"http:\/\/www.paderbohne.de\/\" target=\"_blank\">PaderBohne<\/a>\u201c erhalten Sie bei uns den exklusiven, leckeren Paderborner Bio Kaffee aus fairem Handel, sowohl f\u00fcr den Genu\u00df zu hause als auch f\u00fcr den Wiederverkauf.<\/li><\/ul>\n\n\n\n<h2 class=\"wp-block-heading\"><strong>Kein kalter Kaffee\u2026<\/strong><\/h2>\n\n\n\n<ul class=\"wp-block-list\"><li>Sie m\u00f6chten nette Leute treffen, Spa\u00df haben und sich in Paderborn engagieren<\/li><li>Sie haben Interesse an entwicklungspolitischen Themen?<\/li><li>Dann nehmen Sie mit uns&nbsp;<a href=\"https:\/\/weltladen-labohnita.de\/index.php\/kontakt\/\">Kontakt&nbsp;<\/a>auf!<\/li><\/ul>\n","protected":false},"excerpt":{"rendered":"<p>Wir lieben Kaffee\u2026 \u2026aber guter Kaffee sollte allen schmecken, den Kaffeebauern, der Umwelt und den Konsumenten bei uns. Wir m\u00f6chten dazu beitragen, die Welt ein St\u00fcck gerechter zu machen! Damit \u2013 nicht nur guter Kaffee \u2013 allen schmeckt! Wo der Kaffee w\u00e4chst\u2026 Bei uns erfahren sie alles \u00fcber den Fairen Handel, worum es geht, und &hellip; <a href=\"https:\/\/weltladen-labohnita.de\/index.php\/kaffeebohne-e-v\/\" class=\"more-link\"><span class=\"screen-reader-text\">\u201eKaffeebohne e.V.\u201c <\/span>weiterlesen<\/a><\/p>\n","protected":false},"author":1,"featured_media":0,"parent":0,"menu_order":0,"comment_status":"closed","ping_status":"closed","template":"","meta":{"footnotes":""},"class_list":["post-183","page","type-page","status-publish","hentry"],"_links":{"self":[{"href":"https:\/\/weltladen-labohnita.de\/index.php\/wp-json\/wp\/v2\/pages\/183","targetHints":{"allow":["GET"]}}],"collection":[{"href":"https:\/\/weltladen-labohnita.de\/index.php\/wp-json\/wp\/v2\/pages"}],"about":[{"href":"https:\/\/weltladen-labohnita.de\/index.php\/wp-json\/wp\/v2\/types\/page"}],"author":[{"embeddable":true,"href":"https:\/\/weltladen-labohnita.de\/index.php\/wp-json\/wp\/v2\/users\/1"}],"replies":[{"embeddable":true,"href":"https:\/\/weltladen-labohnita.de\/index.php\/wp-json\/wp\/v2\/comments?post=183"}],"version-history":[{"count":8,"href":"https:\/\/weltladen-labohnita.de\/index.php\/wp-json\/wp\/v2\/pages\/183\/revisions"}],"predecessor-version":[{"id":431,"href":"https:\/\/weltladen-labohnita.de\/index.php\/wp-json\/wp\/v2\/pages\/183\/revisions\/431"}],"wp:attachment":[{"href":"https:\/\/weltladen-labohnita.de\/index.php\/wp-json\/wp\/v2\/media?parent=183"}],"curies":[{"name":"wp","href":"https:\/\/api.w.org\/{rel}","templated":true}]}}