{"id":370,"date":"2020-01-15T14:26:28","date_gmt":"2020-01-15T14:26:28","guid":{"rendered":"https:\/\/weltladen-labohnita.de\/?page_id=370"},"modified":"2020-01-27T15:49:08","modified_gmt":"2020-01-27T15:49:08","slug":"suspended-coffee","status":"publish","type":"page","link":"https:\/\/weltladen-labohnita.de\/index.php\/suspended-coffee\/","title":{"rendered":"Suspended Coffee"},"content":{"rendered":"\n<p>In der Kaffeebar im Weltladen La Bohnita haben Sie die M\u00f6glichkeit, ein Kaffeegetr\u00e4nk f\u00fcr einen anderen Menschen zu spendieren, der dies gerade besonders ben\u00f6tigt. Zum Beispiel, weil die finanziellen Mittel begrenzt sind und\/oder sich der Mensch einmal bei uns im Weltladen aufw\u00e4rmen m\u00f6chte. Weitere Informationen zur Aktion unter <a href=\"https:\/\/suspendedcoffee.de\/\">Suspended Coffee &#8211; spendiert<\/a>. <\/p>\n","protected":false},"excerpt":{"rendered":"<p>In der Kaffeebar im Weltladen La Bohnita haben Sie die M\u00f6glichkeit, ein Kaffeegetr\u00e4nk f\u00fcr einen anderen Menschen zu spendieren, der dies gerade besonders ben\u00f6tigt. Zum Beispiel, weil die finanziellen Mittel begrenzt sind und\/oder sich der Mensch einmal bei uns im Weltladen aufw\u00e4rmen m\u00f6chte. Weitere Informationen zur Aktion unter Suspended Coffee &#8211; spendiert.<\/p>\n","protected":false},"author":1,"featured_media":0,"parent":0,"menu_order":0,"comment_status":"closed","ping_status":"closed","template":"","meta":{"footnotes":""},"class_list":["post-370","page","type-page","status-publish","hentry"],"_links":{"self":[{"href":"https:\/\/weltladen-labohnita.de\/index.php\/wp-json\/wp\/v2\/pages\/370","targetHints":{"allow":["GET"]}}],"collection":[{"href":"https:\/\/weltladen-labohnita.de\/index.php\/wp-json\/wp\/v2\/pages"}],"about":[{"href":"https:\/\/weltladen-labohnita.de\/index.php\/wp-json\/wp\/v2\/types\/page"}],"author":[{"embeddable":true,"href":"https:\/\/weltladen-labohnita.de\/index.php\/wp-json\/wp\/v2\/users\/1"}],"replies":[{"embeddable":true,"href":"https:\/\/weltladen-labohnita.de\/index.php\/wp-json\/wp\/v2\/comments?post=370"}],"version-history":[{"count":2,"href":"https:\/\/weltladen-labohnita.de\/index.php\/wp-json\/wp\/v2\/pages\/370\/revisions"}],"predecessor-version":[{"id":416,"href":"https:\/\/weltladen-labohnita.de\/index.php\/wp-json\/wp\/v2\/pages\/370\/revisions\/416"}],"wp:attachment":[{"href":"https:\/\/weltladen-labohnita.de\/index.php\/wp-json\/wp\/v2\/media?parent=370"}],"curies":[{"name":"wp","href":"https:\/\/api.w.org\/{rel}","templated":true}]}}