{"id":372,"date":"2020-01-15T14:26:59","date_gmt":"2020-01-15T14:26:59","guid":{"rendered":"https:\/\/weltladen-labohnita.de\/?page_id=372"},"modified":"2020-01-17T13:12:17","modified_gmt":"2020-01-17T13:12:17","slug":"kaffeebar","status":"publish","type":"page","link":"https:\/\/weltladen-labohnita.de\/index.php\/kaffeebar\/","title":{"rendered":"Kaffeebar"},"content":{"rendered":"\n<figure class=\"wp-block-image size-large\"><img loading=\"lazy\" decoding=\"async\" width=\"829\" height=\"770\" src=\"https:\/\/weltladen-labohnita.de\/wp-content\/uploads\/BohnitaKaffeebar.jpg\" alt=\"BohnitaKaffeebar\" class=\"wp-image-387\" srcset=\"https:\/\/weltladen-labohnita.de\/wp-content\/uploads\/BohnitaKaffeebar.jpg 829w, https:\/\/weltladen-labohnita.de\/wp-content\/uploads\/BohnitaKaffeebar-300x279.jpg 300w, https:\/\/weltladen-labohnita.de\/wp-content\/uploads\/BohnitaKaffeebar-768x713.jpg 768w\" sizes=\"auto, (max-width: 829px) 85vw, 829px\" \/><figcaption>La Bohnita Kassenbereich und Kaffeebar<\/figcaption><\/figure>\n\n\n\n<p>Ob bei einem Kaffee, Cappuccino, Milchkaffee, Tee, Kakao, bei Kaltgetr\u00e4nken oder einem frischen Glas Bananenshake aus fairen Bananen und Bio-Vollmilch, in unserer geselligen Kaffeebar k\u00f6nnen Sie es sich so richtig gem\u00fctlich machen. Unsere Getr\u00e4nkespezialit\u00e4ten gibt es auch to-go, im praktischen farbenfrohen GOOD CUP Pfandbecher von <a href=\"https:\/\/cupforcup.de\/\">CUPFORCUP<\/a>. Den Pfandbecher f\u00fcr 1 \u20ac k\u00f6nnen Sie bei Ihrem n\u00e4chsten Besuch bei uns oder in zahlreichen Caf\u00e9s und B\u00e4ckereien in der Paderborner Innenstadt wieder abgeben. <\/p>\n","protected":false},"excerpt":{"rendered":"<p>Ob bei einem Kaffee, Cappuccino, Milchkaffee, Tee, Kakao, bei Kaltgetr\u00e4nken oder einem frischen Glas Bananenshake aus fairen Bananen und Bio-Vollmilch, in unserer geselligen Kaffeebar k\u00f6nnen Sie es sich so richtig gem\u00fctlich machen. Unsere Getr\u00e4nkespezialit\u00e4ten gibt es auch to-go, im praktischen farbenfrohen GOOD CUP Pfandbecher von CUPFORCUP. Den Pfandbecher f\u00fcr 1 \u20ac k\u00f6nnen Sie bei Ihrem &hellip; <a href=\"https:\/\/weltladen-labohnita.de\/index.php\/kaffeebar\/\" class=\"more-link\"><span class=\"screen-reader-text\">\u201eKaffeebar\u201c <\/span>weiterlesen<\/a><\/p>\n","protected":false},"author":1,"featured_media":0,"parent":0,"menu_order":0,"comment_status":"closed","ping_status":"closed","template":"","meta":{"footnotes":""},"class_list":["post-372","page","type-page","status-publish","hentry"],"_links":{"self":[{"href":"https:\/\/weltladen-labohnita.de\/index.php\/wp-json\/wp\/v2\/pages\/372","targetHints":{"allow":["GET"]}}],"collection":[{"href":"https:\/\/weltladen-labohnita.de\/index.php\/wp-json\/wp\/v2\/pages"}],"about":[{"href":"https:\/\/weltladen-labohnita.de\/index.php\/wp-json\/wp\/v2\/types\/page"}],"author":[{"embeddable":true,"href":"https:\/\/weltladen-labohnita.de\/index.php\/wp-json\/wp\/v2\/users\/1"}],"replies":[{"embeddable":true,"href":"https:\/\/weltladen-labohnita.de\/index.php\/wp-json\/wp\/v2\/comments?post=372"}],"version-history":[{"count":5,"href":"https:\/\/weltladen-labohnita.de\/index.php\/wp-json\/wp\/v2\/pages\/372\/revisions"}],"predecessor-version":[{"id":392,"href":"https:\/\/weltladen-labohnita.de\/index.php\/wp-json\/wp\/v2\/pages\/372\/revisions\/392"}],"wp:attachment":[{"href":"https:\/\/weltladen-labohnita.de\/index.php\/wp-json\/wp\/v2\/media?parent=372"}],"curies":[{"name":"wp","href":"https:\/\/api.w.org\/{rel}","templated":true}]}}