{"id":95,"date":"2019-11-12T20:03:13","date_gmt":"2019-11-12T20:03:13","guid":{"rendered":"https:\/\/weltladen-labohnita.de\/?page_id=95"},"modified":"2019-11-19T09:38:10","modified_gmt":"2019-11-19T09:38:10","slug":"angebot","status":"publish","type":"page","link":"https:\/\/weltladen-labohnita.de\/index.php\/angebot\/","title":{"rendered":"Angebot"},"content":{"rendered":"\n<div class=\"wp-block-media-text alignwide is-stacked-on-mobile\" style=\"grid-template-columns:35% auto\"><figure class=\"wp-block-media-text__media\"><img loading=\"lazy\" decoding=\"async\" width=\"685\" height=\"1024\" src=\"https:\/\/weltladen-labohnita.de\/wp-content\/uploads\/KaffeebohnenF\u00fclle-1-685x1024.jpg\" alt=\"\" class=\"wp-image-284\" srcset=\"https:\/\/weltladen-labohnita.de\/wp-content\/uploads\/KaffeebohnenF\u00fclle-1.jpg 685w, https:\/\/weltladen-labohnita.de\/wp-content\/uploads\/KaffeebohnenF\u00fclle-1-201x300.jpg 201w\" sizes=\"auto, (max-width: 685px) 85vw, 685px\" \/><\/figure><div class=\"wp-block-media-text__content\">\n<p class=\"has-text-color has-medium-gray-color\">Im Weltladen La Bohnita steht Ihnen ein gro\u00dfes <a href=\"https:\/\/weltladen-labohnita.de\/index.php\/sortiment\/\">Sortiment<\/a> an Fair gehandelten Produkten zur Verf\u00fcgung. Neben Lebensmitteln,  Kunsthandwerk, Accessoires und Kosmetikprodukten laden eine Vielzahl von Geschenkartikeln zum St\u00f6bern ein. <br>Genie\u00dfen Sie in unserer gem\u00fctlichen Kaffeebar ein faires Hei\u00dfgetr\u00e4nk. Verschiedene Kaffee- und Espressobohnen k\u00f6nnen Sie sich auch in beliebiger Verpackungsgr\u00f6\u00dfe abf\u00fcllen lassen.  Zum Angebot des Weltladens  La Bohnita geh\u00f6ren au\u00dfderdem einige <a href=\"https:\/\/weltladen-labohnita.de\/index.php\/service\/\">Service-Leistungen<\/a>.  Dazu geh\u00f6ren neben unserem Lieferdienst auch Geschenkk\u00f6rbe und die  M\u00f6glichkeit, Faire Produkte aus dem Weltladen auf Kommission zum  Weiterverkauf zu beziehen. <\/p>\n<\/div><\/div>\n","protected":false},"excerpt":{"rendered":"<p>Im Weltladen La Bohnita steht Ihnen ein gro\u00dfes Sortiment an Fair gehandelten Produkten zur Verf\u00fcgung. Neben Lebensmitteln, Kunsthandwerk, Accessoires und Kosmetikprodukten laden eine Vielzahl von Geschenkartikeln zum St\u00f6bern ein. Genie\u00dfen Sie in unserer gem\u00fctlichen Kaffeebar ein faires Hei\u00dfgetr\u00e4nk. Verschiedene Kaffee- und Espressobohnen k\u00f6nnen Sie sich auch in beliebiger Verpackungsgr\u00f6\u00dfe abf\u00fcllen lassen. Zum Angebot des Weltladens &hellip; <a href=\"https:\/\/weltladen-labohnita.de\/index.php\/angebot\/\" class=\"more-link\"><span class=\"screen-reader-text\">\u201eAngebot\u201c <\/span>weiterlesen<\/a><\/p>\n","protected":false},"author":1,"featured_media":0,"parent":0,"menu_order":0,"comment_status":"closed","ping_status":"closed","template":"","meta":{"footnotes":""},"class_list":["post-95","page","type-page","status-publish","hentry"],"_links":{"self":[{"href":"https:\/\/weltladen-labohnita.de\/index.php\/wp-json\/wp\/v2\/pages\/95","targetHints":{"allow":["GET"]}}],"collection":[{"href":"https:\/\/weltladen-labohnita.de\/index.php\/wp-json\/wp\/v2\/pages"}],"about":[{"href":"https:\/\/weltladen-labohnita.de\/index.php\/wp-json\/wp\/v2\/types\/page"}],"author":[{"embeddable":true,"href":"https:\/\/weltladen-labohnita.de\/index.php\/wp-json\/wp\/v2\/users\/1"}],"replies":[{"embeddable":true,"href":"https:\/\/weltladen-labohnita.de\/index.php\/wp-json\/wp\/v2\/comments?post=95"}],"version-history":[{"count":17,"href":"https:\/\/weltladen-labohnita.de\/index.php\/wp-json\/wp\/v2\/pages\/95\/revisions"}],"predecessor-version":[{"id":306,"href":"https:\/\/weltladen-labohnita.de\/index.php\/wp-json\/wp\/v2\/pages\/95\/revisions\/306"}],"wp:attachment":[{"href":"https:\/\/weltladen-labohnita.de\/index.php\/wp-json\/wp\/v2\/media?parent=95"}],"curies":[{"name":"wp","href":"https:\/\/api.w.org\/{rel}","templated":true}]}}