{"id":97,"date":"2019-11-12T19:01:11","date_gmt":"2019-11-12T19:01:11","guid":{"rendered":"https:\/\/weltladen-labohnita.de\/?page_id=97"},"modified":"2025-04-17T17:00:35","modified_gmt":"2025-04-17T15:00:35","slug":"sortiment","status":"publish","type":"page","link":"https:\/\/weltladen-labohnita.de\/index.php\/sortiment\/","title":{"rendered":"Sortiment"},"content":{"rendered":"\n<div class=\"wp-block-columns is-layout-flex wp-container-core-columns-is-layout-9d6595d7 wp-block-columns-is-layout-flex\">\n<div class=\"wp-block-column is-layout-flow wp-block-column-is-layout-flow\">\n<figure class=\"wp-block-image size-large\"><img loading=\"lazy\" decoding=\"async\" width=\"263\" height=\"508\" src=\"https:\/\/weltladen-labohnita.de\/wp-content\/uploads\/Kaffee.png\" alt=\"\" class=\"wp-image-324\" srcset=\"https:\/\/weltladen-labohnita.de\/wp-content\/uploads\/Kaffee.png 263w, https:\/\/weltladen-labohnita.de\/wp-content\/uploads\/Kaffee-155x300.png 155w\" sizes=\"auto, (max-width: 263px) 85vw, 263px\" \/><\/figure>\n<\/div>\n\n\n\n<div class=\"wp-block-column is-layout-flow wp-block-column-is-layout-flow\">\n<figure class=\"wp-block-image size-large\"><img loading=\"lazy\" decoding=\"async\" width=\"276\" height=\"517\" src=\"https:\/\/weltladen-labohnita.de\/wp-content\/uploads\/Accessoires2.png\" alt=\"\" class=\"wp-image-330\" srcset=\"https:\/\/weltladen-labohnita.de\/wp-content\/uploads\/Accessoires2.png 276w, https:\/\/weltladen-labohnita.de\/wp-content\/uploads\/Accessoires2-160x300.png 160w\" sizes=\"auto, (max-width: 276px) 85vw, 276px\" \/><\/figure>\n<\/div>\n<\/div>\n\n\n\n<div class=\"wp-block-columns is-layout-flex wp-container-core-columns-is-layout-9d6595d7 wp-block-columns-is-layout-flex\">\n<div class=\"wp-block-column is-layout-flow wp-block-column-is-layout-flow\">\n<p><strong>Kaffee<\/strong>&nbsp;(Bohne und gemahlen, Espresso-, oder  Kaffeebohnen, auch entkoffeiniert, &#8230;)<\/p>\n\n\n\n<figure class=\"wp-block-image size-large\"><img loading=\"lazy\" decoding=\"async\" width=\"288\" height=\"310\" src=\"https:\/\/weltladen-labohnita.de\/wp-content\/uploads\/Tee.png\" alt=\"\" class=\"wp-image-325\" srcset=\"https:\/\/weltladen-labohnita.de\/wp-content\/uploads\/Tee.png 288w, https:\/\/weltladen-labohnita.de\/wp-content\/uploads\/Tee-279x300.png 279w\" sizes=\"auto, (max-width: 288px) 85vw, 288px\" \/><\/figure>\n\n\n\n<p><strong>Tee<\/strong>&nbsp;(Schwarzer und gr\u00fcner Tee, &nbsp;Roibuschtee&nbsp;, Fr\u00fcchte- und Kr\u00e4utertee, &#8230;)<\/p>\n\n\n\n<figure class=\"wp-block-image size-large\"><img loading=\"lazy\" decoding=\"async\" width=\"326\" height=\"449\" src=\"https:\/\/weltladen-labohnita.de\/wp-content\/uploads\/Schokolade.png\" alt=\"\" class=\"wp-image-326\" srcset=\"https:\/\/weltladen-labohnita.de\/wp-content\/uploads\/Schokolade.png 326w, https:\/\/weltladen-labohnita.de\/wp-content\/uploads\/Schokolade-218x300.png 218w\" sizes=\"auto, (max-width: 326px) 85vw, 326px\" \/><\/figure>\n\n\n\n<p><strong>Kakao und Schokolade<\/strong>&nbsp;(eine Variation an Zutaten &amp; Kakaoanteil, Schokolade Made in Afrika, &#8230;)<\/p>\n\n\n\n<figure class=\"wp-block-image size-large\"><img loading=\"lazy\" decoding=\"async\" width=\"548\" height=\"494\" src=\"https:\/\/weltladen-labohnita.de\/wp-content\/uploads\/Gew\u00fcrze.png\" alt=\"\" class=\"wp-image-327\" srcset=\"https:\/\/weltladen-labohnita.de\/wp-content\/uploads\/Gew\u00fcrze.png 548w, https:\/\/weltladen-labohnita.de\/wp-content\/uploads\/Gew\u00fcrze-300x270.png 300w\" sizes=\"auto, (max-width: 548px) 85vw, 548px\" \/><\/figure>\n\n\n\n<p><strong>Gew\u00fcrze, Getreideprodukte, Aufstriche, So\u00dfen, Honig, &#8230;<\/strong><\/p>\n\n\n\n<figure class=\"wp-block-image size-large\"><img loading=\"lazy\" decoding=\"async\" width=\"371\" height=\"438\" src=\"https:\/\/weltladen-labohnita.de\/wp-content\/uploads\/Lebensmittel3.png\" alt=\"\" class=\"wp-image-318\" srcset=\"https:\/\/weltladen-labohnita.de\/wp-content\/uploads\/Lebensmittel3.png 371w, https:\/\/weltladen-labohnita.de\/wp-content\/uploads\/Lebensmittel3-254x300.png 254w\" sizes=\"auto, (max-width: 371px) 85vw, 371px\" \/><\/figure>\n\n\n\n<p><strong>Knabbereien und Getr\u00e4nke<\/strong><\/p>\n\n\n\n<figure class=\"wp-block-image size-large\"><img loading=\"lazy\" decoding=\"async\" width=\"619\" height=\"493\" src=\"https:\/\/weltladen-labohnita.de\/wp-content\/uploads\/Wein.png\" alt=\"\" class=\"wp-image-323\" srcset=\"https:\/\/weltladen-labohnita.de\/wp-content\/uploads\/Wein.png 619w, https:\/\/weltladen-labohnita.de\/wp-content\/uploads\/Wein-300x239.png 300w\" sizes=\"auto, (max-width: 619px) 85vw, 619px\" \/><\/figure>\n\n\n\n<p><strong>Weine<\/strong>&nbsp;<\/p>\n<\/div>\n\n\n\n<div class=\"wp-block-column is-layout-flow wp-block-column-is-layout-flow\">\n<p><strong>Accessoires<\/strong>&nbsp;<\/p>\n\n\n\n<figure class=\"wp-block-image size-large\"><img loading=\"lazy\" decoding=\"async\" width=\"647\" height=\"837\" src=\"https:\/\/weltladen-labohnita.de\/wp-content\/uploads\/LaBohnita-Geschenkartikel.jpg\" alt=\"\" class=\"wp-image-397\" srcset=\"https:\/\/weltladen-labohnita.de\/wp-content\/uploads\/LaBohnita-Geschenkartikel.jpg 647w, https:\/\/weltladen-labohnita.de\/wp-content\/uploads\/LaBohnita-Geschenkartikel-232x300.jpg 232w\" sizes=\"auto, (max-width: 647px) 85vw, 647px\" \/><\/figure>\n\n\n\n<p><strong>Deko &amp; Geschenkartikel<\/strong><\/p>\n\n\n\n<figure class=\"wp-block-image size-large\"><img loading=\"lazy\" decoding=\"async\" width=\"377\" height=\"507\" src=\"https:\/\/weltladen-labohnita.de\/wp-content\/uploads\/Biobu.png\" alt=\"\" class=\"wp-image-331\" srcset=\"https:\/\/weltladen-labohnita.de\/wp-content\/uploads\/Biobu.png 377w, https:\/\/weltladen-labohnita.de\/wp-content\/uploads\/Biobu-223x300.png 223w\" sizes=\"auto, (max-width: 377px) 85vw, 377px\" \/><\/figure>\n\n\n\n<p><strong>Geschirr und K\u00fcchenzubeh\u00f6r <\/strong><\/p>\n\n\n\n<figure class=\"wp-block-image size-large\"><img loading=\"lazy\" decoding=\"async\" width=\"620\" height=\"494\" src=\"https:\/\/weltladen-labohnita.de\/wp-content\/uploads\/TaschenUndKarten-1.png\" alt=\"\" class=\"wp-image-332\" srcset=\"https:\/\/weltladen-labohnita.de\/wp-content\/uploads\/TaschenUndKarten-1.png 620w, https:\/\/weltladen-labohnita.de\/wp-content\/uploads\/TaschenUndKarten-1-300x239.png 300w\" sizes=\"auto, (max-width: 620px) 85vw, 620px\" \/><\/figure>\n\n\n\n<p><strong>K\u00f6rbe und Gru\u00dfkarten<\/strong><\/p>\n\n\n\n<figure class=\"wp-block-image size-large is-resized\"><img loading=\"lazy\" decoding=\"async\" width=\"688\" height=\"913\" src=\"https:\/\/weltladen-labohnita.de\/wp-content\/uploads\/2020-01-15-15_40_00-Fotos.png\" alt=\"\" class=\"wp-image-381\" style=\"width:172px;height:228px\" srcset=\"https:\/\/weltladen-labohnita.de\/wp-content\/uploads\/2020-01-15-15_40_00-Fotos.png 688w, https:\/\/weltladen-labohnita.de\/wp-content\/uploads\/2020-01-15-15_40_00-Fotos-226x300.png 226w\" sizes=\"auto, (max-width: 688px) 85vw, 688px\" \/><\/figure>\n\n\n\n<p><strong>Wellness-Produkte<\/strong> (Seifen, Duschgel, Body-Lotion, Massage-B\u00e4lle, Handcreme, Klangschalen und R\u00e4ucherst\u00e4bchen, Handt\u00fccher&#8230;)<\/p>\n\n\n\n<figure class=\"wp-block-image size-large\"><img loading=\"lazy\" decoding=\"async\" width=\"1024\" height=\"787\" src=\"https:\/\/weltladen-labohnita.de\/wp-content\/uploads\/LaBohnita-Papeterie-1024x787.jpg\" alt=\"LaBohnita Papeterie\" class=\"wp-image-394\" srcset=\"https:\/\/weltladen-labohnita.de\/wp-content\/uploads\/LaBohnita-Papeterie-1024x787.jpg 1024w, https:\/\/weltladen-labohnita.de\/wp-content\/uploads\/LaBohnita-Papeterie-300x231.jpg 300w, https:\/\/weltladen-labohnita.de\/wp-content\/uploads\/LaBohnita-Papeterie-768x590.jpg 768w, https:\/\/weltladen-labohnita.de\/wp-content\/uploads\/LaBohnita-Papeterie.jpg 1086w\" sizes=\"auto, (max-width: 709px) 85vw, (max-width: 909px) 67vw, (max-width: 1362px) 62vw, 840px\" \/><\/figure>\n\n\n\n<p><strong>Papeterie<\/strong> (Notizb\u00fccher, und -zettel, Kollegbl\u00f6cke, Geschenkpapier, Servietten, &#8230;)<\/p>\n\n\n\n<figure class=\"wp-block-image size-large\"><img loading=\"lazy\" decoding=\"async\" width=\"629\" height=\"714\" src=\"https:\/\/weltladen-labohnita.de\/wp-content\/uploads\/LaBohnita-Schmuck.jpg\" alt=\"LaBohnita Schmuck\" class=\"wp-image-396\" srcset=\"https:\/\/weltladen-labohnita.de\/wp-content\/uploads\/LaBohnita-Schmuck.jpg 629w, https:\/\/weltladen-labohnita.de\/wp-content\/uploads\/LaBohnita-Schmuck-264x300.jpg 264w\" sizes=\"auto, (max-width: 629px) 85vw, 629px\" \/><\/figure>\n\n\n\n<p><strong>Schmuck<\/strong> (Silber- &amp; Goldschmuck, Ketten, Ohrringe, Armb\u00e4nder, Modeschmuck, &#8230;)<\/p>\n<\/div>\n<\/div>\n\n\n\n<p><strong>Libera terra &#8211; Italienische Feinkost von befreitem Mafialand<\/strong><\/p>\n\n\n\n<p>Italien als Herkunft \u201efair gehandelter\u201c Produkte erscheint zun\u00e4chst irritierend, hat aber hinsichtlich des Hintergrundes von Libera Terra seine Berechtigung. <\/p>\n\n\n\n<figure class=\"wp-block-gallery has-nested-images columns-default is-cropped wp-block-gallery-1 is-layout-flex wp-block-gallery-is-layout-flex\">\n<figure class=\"wp-block-image size-large\"><img loading=\"lazy\" decoding=\"async\" width=\"1024\" height=\"576\" data-id=\"802\" src=\"https:\/\/weltladen-labohnita.de\/wp-content\/uploads\/Legalundlecker-1024x576.jpg\" alt=\"\" class=\"wp-image-802\" srcset=\"https:\/\/weltladen-labohnita.de\/wp-content\/uploads\/Legalundlecker-1024x576.jpg 1024w, https:\/\/weltladen-labohnita.de\/wp-content\/uploads\/Legalundlecker-300x169.jpg 300w, https:\/\/weltladen-labohnita.de\/wp-content\/uploads\/Legalundlecker-768x432.jpg 768w, https:\/\/weltladen-labohnita.de\/wp-content\/uploads\/Legalundlecker-1536x864.jpg 1536w, https:\/\/weltladen-labohnita.de\/wp-content\/uploads\/Legalundlecker-2048x1152.jpg 2048w, https:\/\/weltladen-labohnita.de\/wp-content\/uploads\/Legalundlecker-1200x675.jpg 1200w\" sizes=\"auto, (max-width: 709px) 85vw, (max-width: 909px) 67vw, (max-width: 1362px) 62vw, 840px\" \/><\/figure>\n\n\n\n<figure class=\"wp-block-image size-large\"><img loading=\"lazy\" decoding=\"async\" width=\"1024\" height=\"768\" data-id=\"813\" src=\"https:\/\/weltladen-labohnita.de\/wp-content\/uploads\/IMG_20210306_133818_378-1024x768.jpg\" alt=\"\" class=\"wp-image-813\" srcset=\"https:\/\/weltladen-labohnita.de\/wp-content\/uploads\/IMG_20210306_133818_378-1024x768.jpg 1024w, https:\/\/weltladen-labohnita.de\/wp-content\/uploads\/IMG_20210306_133818_378-300x225.jpg 300w, https:\/\/weltladen-labohnita.de\/wp-content\/uploads\/IMG_20210306_133818_378-768x576.jpg 768w, https:\/\/weltladen-labohnita.de\/wp-content\/uploads\/IMG_20210306_133818_378-1200x900.jpg 1200w, https:\/\/weltladen-labohnita.de\/wp-content\/uploads\/IMG_20210306_133818_378.jpg 1280w\" sizes=\"auto, (max-width: 709px) 85vw, (max-width: 909px) 67vw, (max-width: 1362px) 62vw, 840px\" \/><\/figure>\n\n\n\n<figure class=\"wp-block-image size-large\"><img loading=\"lazy\" decoding=\"async\" width=\"1024\" height=\"768\" data-id=\"814\" src=\"https:\/\/weltladen-labohnita.de\/wp-content\/uploads\/IMG_20210306_133817_082-1024x768.jpg\" alt=\"\" class=\"wp-image-814\" srcset=\"https:\/\/weltladen-labohnita.de\/wp-content\/uploads\/IMG_20210306_133817_082-1024x768.jpg 1024w, https:\/\/weltladen-labohnita.de\/wp-content\/uploads\/IMG_20210306_133817_082-300x225.jpg 300w, https:\/\/weltladen-labohnita.de\/wp-content\/uploads\/IMG_20210306_133817_082-768x576.jpg 768w, https:\/\/weltladen-labohnita.de\/wp-content\/uploads\/IMG_20210306_133817_082-1200x900.jpg 1200w, https:\/\/weltladen-labohnita.de\/wp-content\/uploads\/IMG_20210306_133817_082.jpg 1280w\" sizes=\"auto, (max-width: 709px) 85vw, (max-width: 909px) 67vw, (max-width: 1362px) 62vw, 840px\" \/><\/figure>\n\n\n\n<figure class=\"wp-block-image size-large\"><img loading=\"lazy\" decoding=\"async\" width=\"1024\" height=\"768\" data-id=\"815\" src=\"https:\/\/weltladen-labohnita.de\/wp-content\/uploads\/IMG_20210306_133815_637-1024x768.jpg\" alt=\"\" class=\"wp-image-815\" srcset=\"https:\/\/weltladen-labohnita.de\/wp-content\/uploads\/IMG_20210306_133815_637-1024x768.jpg 1024w, https:\/\/weltladen-labohnita.de\/wp-content\/uploads\/IMG_20210306_133815_637-300x225.jpg 300w, https:\/\/weltladen-labohnita.de\/wp-content\/uploads\/IMG_20210306_133815_637-768x576.jpg 768w, https:\/\/weltladen-labohnita.de\/wp-content\/uploads\/IMG_20210306_133815_637-1200x900.jpg 1200w, https:\/\/weltladen-labohnita.de\/wp-content\/uploads\/IMG_20210306_133815_637.jpg 1280w\" sizes=\"auto, (max-width: 709px) 85vw, (max-width: 909px) 67vw, (max-width: 1362px) 62vw, 840px\" \/><\/figure>\n<\/figure>\n\n\n\n<p>Alle Produkte werden von Sozial-Kooperativen in S\u00fcditalien angebaut und hergestellt, die auf L\u00e4ndereien wirtschaften, die ehemals Mafiaangeh\u00f6rigen geh\u00f6rten. Jungen Menschen wird so eine Perspektive f\u00fcr Ausbildung und Einkommen abseits mafi\u00f6ser Strukturen geboten, die Antimafia-Bewegung gest\u00e4rkt und nicht zuletzt unser Sortiment um hochwertige, handwerklich hergestellte Bioprodukte erweitert.<\/p>\n\n\n\n<p><strong>Faire N\u00fcsse im Pfandglas<\/strong><\/p>\n\n\n\n<figure class=\"wp-block-gallery has-nested-images columns-default is-cropped wp-block-gallery-2 is-layout-flex wp-block-gallery-is-layout-flex\">\n<figure class=\"wp-block-image size-large\"><img loading=\"lazy\" decoding=\"async\" width=\"1024\" height=\"768\" data-id=\"819\" src=\"https:\/\/weltladen-labohnita.de\/wp-content\/uploads\/IMG_20210417_211342_314-1024x768.jpg\" alt=\"\" class=\"wp-image-819\" srcset=\"https:\/\/weltladen-labohnita.de\/wp-content\/uploads\/IMG_20210417_211342_314-1024x768.jpg 1024w, https:\/\/weltladen-labohnita.de\/wp-content\/uploads\/IMG_20210417_211342_314-300x225.jpg 300w, https:\/\/weltladen-labohnita.de\/wp-content\/uploads\/IMG_20210417_211342_314-768x576.jpg 768w, https:\/\/weltladen-labohnita.de\/wp-content\/uploads\/IMG_20210417_211342_314-1200x900.jpg 1200w, https:\/\/weltladen-labohnita.de\/wp-content\/uploads\/IMG_20210417_211342_314.jpg 1280w\" sizes=\"auto, (max-width: 709px) 85vw, (max-width: 909px) 67vw, (max-width: 1362px) 62vw, 840px\" \/><figcaption class=\"wp-element-caption\">Wilde Rosemarie<\/figcaption><\/figure>\n\n\n\n<figure class=\"wp-block-image size-large\"><img loading=\"lazy\" decoding=\"async\" width=\"768\" height=\"1024\" data-id=\"820\" src=\"https:\/\/weltladen-labohnita.de\/wp-content\/uploads\/IMG_20210417_211339_508-768x1024.jpg\" alt=\"\" class=\"wp-image-820\" srcset=\"https:\/\/weltladen-labohnita.de\/wp-content\/uploads\/IMG_20210417_211339_508-768x1024.jpg 768w, https:\/\/weltladen-labohnita.de\/wp-content\/uploads\/IMG_20210417_211339_508-225x300.jpg 225w, https:\/\/weltladen-labohnita.de\/wp-content\/uploads\/IMG_20210417_211339_508.jpg 960w\" sizes=\"auto, (max-width: 768px) 85vw, 768px\" \/><figcaption class=\"wp-element-caption\">Grande Dame<\/figcaption><\/figure>\n<\/figure>\n\n\n\n<p>Nussvariationen von FAIRFOOD Freiburg. <a href=\"https:\/\/www.fairfood.bio\/\" target=\"_blank\" rel=\"noreferrer noopener\">https:\/\/www.fairfood.bio\/<\/a><\/p>\n\n\n\n<p>Die gew\u00fcrzten N\u00fcsse sind nicht nur 100% fair sondern auch bio, vegan und handger\u00f6stet. Sie eignen sich durch ihre schicke Aufmachung als Geschenk oder k\u00f6nnen einfach selber geknabbert werden. <\/p>\n\n\n\n<p><strong>Schreib mal wieder!<\/strong><\/p>\n\n\n\n<p>Die farbenfrohen Postkarten von paruspaper. Diese sind nicht nur klimaneutral und nachhaltig produziert, sondern \u00fcberzeugen vor allem durch ihre besonderen Designs. <\/p>\n\n\n\n<figure class=\"wp-block-gallery has-nested-images columns-default is-cropped wp-block-gallery-3 is-layout-flex wp-block-gallery-is-layout-flex\">\n<figure class=\"wp-block-image size-large\"><img loading=\"lazy\" decoding=\"async\" width=\"768\" height=\"1024\" data-id=\"771\" src=\"https:\/\/weltladen-labohnita.de\/wp-content\/uploads\/IMG_20210120_183448_197-768x1024.jpg\" alt=\"\" class=\"wp-image-771\" srcset=\"https:\/\/weltladen-labohnita.de\/wp-content\/uploads\/IMG_20210120_183448_197-768x1024.jpg 768w, https:\/\/weltladen-labohnita.de\/wp-content\/uploads\/IMG_20210120_183448_197-225x300.jpg 225w, https:\/\/weltladen-labohnita.de\/wp-content\/uploads\/IMG_20210120_183448_197.jpg 960w\" sizes=\"auto, (max-width: 768px) 85vw, 768px\" \/><\/figure>\n\n\n\n<figure class=\"wp-block-image size-large\"><img loading=\"lazy\" decoding=\"async\" width=\"768\" height=\"1024\" data-id=\"772\" src=\"https:\/\/weltladen-labohnita.de\/wp-content\/uploads\/IMG_20210120_183445_979-768x1024.jpg\" alt=\"\" class=\"wp-image-772\" srcset=\"https:\/\/weltladen-labohnita.de\/wp-content\/uploads\/IMG_20210120_183445_979-768x1024.jpg 768w, https:\/\/weltladen-labohnita.de\/wp-content\/uploads\/IMG_20210120_183445_979-225x300.jpg 225w, https:\/\/weltladen-labohnita.de\/wp-content\/uploads\/IMG_20210120_183445_979.jpg 960w\" sizes=\"auto, (max-width: 768px) 85vw, 768px\" \/><\/figure>\n\n\n\n<figure class=\"wp-block-image size-large\"><img loading=\"lazy\" decoding=\"async\" width=\"768\" height=\"1024\" data-id=\"773\" src=\"https:\/\/weltladen-labohnita.de\/wp-content\/uploads\/IMG_20210120_183442_627-768x1024.jpg\" alt=\"\" class=\"wp-image-773\" srcset=\"https:\/\/weltladen-labohnita.de\/wp-content\/uploads\/IMG_20210120_183442_627-768x1024.jpg 768w, https:\/\/weltladen-labohnita.de\/wp-content\/uploads\/IMG_20210120_183442_627-225x300.jpg 225w, https:\/\/weltladen-labohnita.de\/wp-content\/uploads\/IMG_20210120_183442_627.jpg 960w\" sizes=\"auto, (max-width: 768px) 85vw, 768px\" \/><\/figure>\n<\/figure>\n","protected":false},"excerpt":{"rendered":"<p>Kaffee&nbsp;(Bohne und gemahlen, Espresso-, oder Kaffeebohnen, auch entkoffeiniert, &#8230;) Tee&nbsp;(Schwarzer und gr\u00fcner Tee, &nbsp;Roibuschtee&nbsp;, Fr\u00fcchte- und Kr\u00e4utertee, &#8230;) Kakao und Schokolade&nbsp;(eine Variation an Zutaten &amp; Kakaoanteil, Schokolade Made in Afrika, &#8230;) Gew\u00fcrze, Getreideprodukte, Aufstriche, So\u00dfen, Honig, &#8230; Knabbereien und Getr\u00e4nke Weine&nbsp; Accessoires&nbsp; Deko &amp; Geschenkartikel Geschirr und K\u00fcchenzubeh\u00f6r K\u00f6rbe und Gru\u00dfkarten Wellness-Produkte (Seifen, Duschgel, Body-Lotion, &hellip; <a href=\"https:\/\/weltladen-labohnita.de\/index.php\/sortiment\/\" class=\"more-link\"><span class=\"screen-reader-text\">\u201eSortiment\u201c <\/span>weiterlesen<\/a><\/p>\n","protected":false},"author":1,"featured_media":0,"parent":0,"menu_order":0,"comment_status":"closed","ping_status":"closed","template":"","meta":{"footnotes":""},"class_list":["post-97","page","type-page","status-publish","hentry"],"_links":{"self":[{"href":"https:\/\/weltladen-labohnita.de\/index.php\/wp-json\/wp\/v2\/pages\/97","targetHints":{"allow":["GET"]}}],"collection":[{"href":"https:\/\/weltladen-labohnita.de\/index.php\/wp-json\/wp\/v2\/pages"}],"about":[{"href":"https:\/\/weltladen-labohnita.de\/index.php\/wp-json\/wp\/v2\/types\/page"}],"author":[{"embeddable":true,"href":"https:\/\/weltladen-labohnita.de\/index.php\/wp-json\/wp\/v2\/users\/1"}],"replies":[{"embeddable":true,"href":"https:\/\/weltladen-labohnita.de\/index.php\/wp-json\/wp\/v2\/comments?post=97"}],"version-history":[{"count":30,"href":"https:\/\/weltladen-labohnita.de\/index.php\/wp-json\/wp\/v2\/pages\/97\/revisions"}],"predecessor-version":[{"id":1520,"href":"https:\/\/weltladen-labohnita.de\/index.php\/wp-json\/wp\/v2\/pages\/97\/revisions\/1520"}],"wp:attachment":[{"href":"https:\/\/weltladen-labohnita.de\/index.php\/wp-json\/wp\/v2\/media?parent=97"}],"curies":[{"name":"wp","href":"https:\/\/api.w.org\/{rel}","templated":true}]}}