{"id":99,"date":"2019-11-12T20:05:37","date_gmt":"2019-11-12T20:05:37","guid":{"rendered":"https:\/\/weltladen-labohnita.de\/?page_id=99"},"modified":"2019-11-12T20:40:10","modified_gmt":"2019-11-12T20:40:10","slug":"service","status":"publish","type":"page","link":"https:\/\/weltladen-labohnita.de\/index.php\/service\/","title":{"rendered":"Service"},"content":{"rendered":"\n<h3 class=\"wp-block-heading\">Faire Produkte auf Kommission<\/h3>\n\n\n\n<p class=\"has-normal-font-size\">Bei uns k\u00f6nnen Sie eine Auswahl des aktuellen Sortiments auf Anfrage auf Kommission erhalten. Auf diese Weise stellt der Weltladen La Bohnita bereits Kirchengemeinden und Schul-AGs Produkte aus Fairem Handel zum Weiterverkauf zur Verf\u00fcgung. Gern erstellen wir Ihnen eine Auswahl f\u00fcr Ihren Verkauf von Produkten aus Fairem Handel.<\/p>\n\n\n\n<h3 class=\"wp-block-heading\">Geschenkk\u00f6rbe<\/h3>\n\n\n\n<p class=\"has-normal-font-size\">Im Weltladen La Bohnita finden Sie eine Auswahl an Geschenkk\u00f6rben, bunt gef\u00fcllt mit Produkten aus Fairem Handel. Stellen Sie sich gern selbst eine Auswahl f\u00fcr einen Geschenkkorb zusammen oder lassen sich von den Mitarbeiter*innen des Weltladen-Teams bei der Zusammenstellung beraten. <\/p>\n\n\n\n<h3 class=\"wp-block-heading\">Verpackungs-Service<\/h3>\n\n\n\n<div class=\"wp-block-media-text alignwide is-stacked-on-mobile\"><figure class=\"wp-block-media-text__media\"><img loading=\"lazy\" decoding=\"async\" width=\"1024\" height=\"491\" src=\"https:\/\/weltladen-labohnita.de\/wp-content\/uploads\/FaireGeschenke-1024x491.jpg\" alt=\"\" class=\"wp-image-120\" srcset=\"https:\/\/weltladen-labohnita.de\/wp-content\/uploads\/FaireGeschenke-1024x491.jpg 1024w, https:\/\/weltladen-labohnita.de\/wp-content\/uploads\/FaireGeschenke-300x144.jpg 300w, https:\/\/weltladen-labohnita.de\/wp-content\/uploads\/FaireGeschenke-768x368.jpg 768w, https:\/\/weltladen-labohnita.de\/wp-content\/uploads\/FaireGeschenke-1200x575.jpg 1200w\" sizes=\"auto, (max-width: 709px) 85vw, (max-width: 909px) 67vw, (max-width: 1362px) 62vw, 840px\" \/><\/figure><div class=\"wp-block-media-text__content\">\n<p class=\"has-normal-font-size\">Suchen Sie noch ein originelles Geschenk f\u00fcr eine Geburtstagsfeier, Weihnachten, Ostern, Valentinstag, &#8230;? Bei uns im Weltladen La Bohnita werden Sie bestimmt f\u00fcndig. Gern verpacken wir die Geschenke auch f\u00fcr Sie.  <\/p>\n<\/div><\/div>\n\n\n\n<h3 class=\"wp-block-heading\">Lieferservice mit dem PaderBohne-Express  <\/h3>\n\n\n\n<div class=\"wp-block-media-text alignwide is-stacked-on-mobile\" style=\"grid-template-columns:22% auto\"><figure class=\"wp-block-media-text__media\"><img loading=\"lazy\" decoding=\"async\" width=\"585\" height=\"1024\" src=\"https:\/\/weltladen-labohnita.de\/wp-content\/uploads\/PaderBohneExpress-585x1024.jpg\" alt=\"PaderBohneExpress\" class=\"wp-image-198\"\/><\/figure><div class=\"wp-block-media-text__content\">\n<p class=\"has-normal-font-size\">Mit unserem PaderBohne-Express liefern wir Produkte aus Fairem Handel auf Anfrage auch direkt in Ihre Gesch\u00e4ftsstelle.  Das Weltladen-Team beliefert bereits B\u00e4ckereien und Bio-L\u00e4den im Paderborner Stadtgebiet. Auch andere Ziele sind m\u00f6glich,  manchmal wird auch ein st\u00e4rker motorisiertes Gef\u00e4hrt eingesetzt.    <\/p>\n<\/div><\/div>\n\n\n\n<p>    <\/p>\n","protected":false},"excerpt":{"rendered":"<p>Faire Produkte auf Kommission Bei uns k\u00f6nnen Sie eine Auswahl des aktuellen Sortiments auf Anfrage auf Kommission erhalten. Auf diese Weise stellt der Weltladen La Bohnita bereits Kirchengemeinden und Schul-AGs Produkte aus Fairem Handel zum Weiterverkauf zur Verf\u00fcgung. Gern erstellen wir Ihnen eine Auswahl f\u00fcr Ihren Verkauf von Produkten aus Fairem Handel. Geschenkk\u00f6rbe Im Weltladen &hellip; <a href=\"https:\/\/weltladen-labohnita.de\/index.php\/service\/\" class=\"more-link\"><span class=\"screen-reader-text\">\u201eService\u201c <\/span>weiterlesen<\/a><\/p>\n","protected":false},"author":1,"featured_media":0,"parent":0,"menu_order":0,"comment_status":"closed","ping_status":"closed","template":"","meta":{"footnotes":""},"class_list":["post-99","page","type-page","status-publish","hentry"],"_links":{"self":[{"href":"https:\/\/weltladen-labohnita.de\/index.php\/wp-json\/wp\/v2\/pages\/99","targetHints":{"allow":["GET"]}}],"collection":[{"href":"https:\/\/weltladen-labohnita.de\/index.php\/wp-json\/wp\/v2\/pages"}],"about":[{"href":"https:\/\/weltladen-labohnita.de\/index.php\/wp-json\/wp\/v2\/types\/page"}],"author":[{"embeddable":true,"href":"https:\/\/weltladen-labohnita.de\/index.php\/wp-json\/wp\/v2\/users\/1"}],"replies":[{"embeddable":true,"href":"https:\/\/weltladen-labohnita.de\/index.php\/wp-json\/wp\/v2\/comments?post=99"}],"version-history":[{"count":36,"href":"https:\/\/weltladen-labohnita.de\/index.php\/wp-json\/wp\/v2\/pages\/99\/revisions"}],"predecessor-version":[{"id":211,"href":"https:\/\/weltladen-labohnita.de\/index.php\/wp-json\/wp\/v2\/pages\/99\/revisions\/211"}],"wp:attachment":[{"href":"https:\/\/weltladen-labohnita.de\/index.php\/wp-json\/wp\/v2\/media?parent=99"}],"curies":[{"name":"wp","href":"https:\/\/api.w.org\/{rel}","templated":true}]}}